{"id":804,"date":"2025-11-03T21:23:01","date_gmt":"2025-11-04T00:23:01","guid":{"rendered":"https:\/\/garnetoffshore.criativeflow.com.br\/?page_id=804"},"modified":"2025-12-10T14:43:15","modified_gmt":"2025-12-10T17:43:15","slug":"offshore","status":"publish","type":"page","link":"https:\/\/garnetoffshore.com.br\/pt-br\/offshore\/","title":{"rendered":"Offshore"},"content":{"rendered":"\t\t<div data-elementor-type=\"wp-page\" data-elementor-id=\"804\" class=\"elementor elementor-804\" data-elementor-post-type=\"page\">\n\t\t\t\t<div class=\"elementor-element elementor-element-ad34d95 e-flex e-con-boxed e-con e-parent\" data-id=\"ad34d95\" data-element_type=\"container\" data-e-type=\"container\" data-settings=\"{&quot;background_background&quot;:&quot;classic&quot;}\">\n\t\t\t\t\t<div class=\"e-con-inner\">\n\t\t\t\t<div class=\"elementor-element elementor-element-58ea519 elementor-widget elementor-widget-heading\" data-id=\"58ea519\" data-element_type=\"widget\" data-e-type=\"widget\" data-widget_type=\"heading.default\">\n\t\t\t\t\t<h2 class=\"elementor-heading-title elementor-size-default\">OFFSHORE<\/h2>\t\t\t\t<\/div>\n\t\t\t\t\t<\/div>\n\t\t\t\t<\/div>\n\t\t<div class=\"elementor-element elementor-element-4da56d4 e-flex e-con-boxed e-con e-parent\" data-id=\"4da56d4\" data-element_type=\"container\" data-e-type=\"container\" data-settings=\"{&quot;background_background&quot;:&quot;classic&quot;}\">\n\t\t\t\t\t<div class=\"e-con-inner\">\n\t\t<div class=\"elementor-element elementor-element-baaf9e8 e-con-full espec e-flex e-con e-child\" data-id=\"baaf9e8\" data-element_type=\"container\" data-e-type=\"container\" id=\"espec\">\n\t\t\t\t<div class=\"elementor-element elementor-element-078025e elementor-widget elementor-widget-text-editor\" data-id=\"078025e\" data-element_type=\"widget\" data-e-type=\"widget\" data-widget_type=\"text-editor.default\">\n\t\t\t\t\t\t\t\t\t<p>Especifica\u00e7\u00f5es<\/p>\t\t\t\t\t\t\t\t<\/div>\n\t\t\t\t<div class=\"elementor-element elementor-element-3db2170 elementor-widget elementor-widget-heading\" data-id=\"3db2170\" data-element_type=\"widget\" data-e-type=\"widget\" data-widget_type=\"heading.default\">\n\t\t\t\t\t<h2 class=\"elementor-heading-title elementor-size-default\">NOSSA MISS\u00c3O \u00c9\nTRANSFORMAR SUA\nEXPERI\u00caNCIA N\u00c1UTICA.\n<\/h2>\t\t\t\t<\/div>\n\t\t<div class=\"elementor-element elementor-element-c50a0ff e-con-full e-flex e-con e-child\" data-id=\"c50a0ff\" data-element_type=\"container\" data-e-type=\"container\">\n\t\t\t\t<div class=\"elementor-element elementor-element-74bc131 elementor-widget elementor-widget-text-editor\" data-id=\"74bc131\" data-element_type=\"widget\" data-e-type=\"widget\" data-widget_type=\"text-editor.default\">\n\t\t\t\t\t\t\t\t\t<p>Na Garnet Offshore, somos apaixonados por fornecer solu\u00e7\u00f5es especializadas para atender \u00e0s suas necessidades.<br \/>Estamos comprometidos em:<br \/>Revestimento de Alta Qualidade<br \/>Reparo de Tubula\u00e7\u00f5es sem Solda<br \/>Servicos com comp\u00f3sitos<br \/>Cria\u00e7\u00e3o de camada de sacrificid no interior de equipamentos<br \/>Reparo e revestimento em sistema de tratamento de \u00e1gua de inje\u00e7\u00e3o<br \/>Caldeiraria de Precis\u00e3o<br \/>Equipe Altamente Qualificada<\/p>\t\t\t\t\t\t\t\t<\/div>\n\t\t\t\t<\/div>\n\t\t\t\t<\/div>\n\t\t<div class=\"elementor-element elementor-element-5fb059d e-con-full e-flex e-con e-child\" data-id=\"5fb059d\" data-element_type=\"container\" data-e-type=\"container\">\n\t\t<div class=\"elementor-element elementor-element-9fe72b6 e-con-full e-flex e-con e-child\" data-id=\"9fe72b6\" data-element_type=\"container\" data-e-type=\"container\">\n\t\t\t\t<div class=\"elementor-element elementor-element-0747842 elementor-widget elementor-widget-image\" data-id=\"0747842\" data-element_type=\"widget\" data-e-type=\"widget\" data-widget_type=\"image.default\">\n\t\t\t\t\t\t\t\t\t\t\t\t\t\t\t<img fetchpriority=\"high\" decoding=\"async\" width=\"768\" height=\"1024\" src=\"https:\/\/garnetoffshore.com.br\/pt-br\/wp-content\/uploads\/2025\/12\/IMG_6483-768x1024.webp\" class=\"attachment-large size-large wp-image-1237\" alt=\"\" srcset=\"https:\/\/garnetoffshore.com.br\/pt-br\/wp-content\/uploads\/2025\/12\/IMG_6483-768x1024.webp 768w, https:\/\/garnetoffshore.com.br\/pt-br\/wp-content\/uploads\/2025\/12\/IMG_6483-225x300.webp 225w, https:\/\/garnetoffshore.com.br\/pt-br\/wp-content\/uploads\/2025\/12\/IMG_6483-1152x1536.webp 1152w, https:\/\/garnetoffshore.com.br\/pt-br\/wp-content\/uploads\/2025\/12\/IMG_6483-1536x2048.webp 1536w, https:\/\/garnetoffshore.com.br\/pt-br\/wp-content\/uploads\/2025\/12\/IMG_6483-scaled.webp 1920w\" sizes=\"(max-width: 768px) 100vw, 768px\" \/>\t\t\t\t\t\t\t\t\t\t\t\t\t\t\t<\/div>\n\t\t\t\t<div class=\"elementor-element elementor-element-edced91 elementor-widget elementor-widget-text-editor\" data-id=\"edced91\" data-element_type=\"widget\" data-e-type=\"widget\" data-widget_type=\"text-editor.default\">\n\t\t\t\t\t\t\t\t\t<p>ESTABILIDADE\u00a0<\/p><p>E PERFORMANCE<\/p>\t\t\t\t\t\t\t\t<\/div>\n\t\t\t\t<\/div>\n\t\t<div class=\"elementor-element elementor-element-ffebe9d e-con-full e-flex e-con e-child\" data-id=\"ffebe9d\" data-element_type=\"container\" data-e-type=\"container\">\n\t\t\t\t<div class=\"elementor-element elementor-element-ff63f07 elementor-widget elementor-widget-image\" data-id=\"ff63f07\" data-element_type=\"widget\" data-e-type=\"widget\" data-widget_type=\"image.default\">\n\t\t\t\t\t\t\t\t\t\t\t\t\t\t\t<img decoding=\"async\" width=\"768\" height=\"1024\" src=\"https:\/\/garnetoffshore.com.br\/pt-br\/wp-content\/uploads\/2025\/12\/IMG_5597-768x1024.webp\" class=\"attachment-large size-large wp-image-1235\" alt=\"\" srcset=\"https:\/\/garnetoffshore.com.br\/pt-br\/wp-content\/uploads\/2025\/12\/IMG_5597-768x1024.webp 768w, https:\/\/garnetoffshore.com.br\/pt-br\/wp-content\/uploads\/2025\/12\/IMG_5597-225x300.webp 225w, https:\/\/garnetoffshore.com.br\/pt-br\/wp-content\/uploads\/2025\/12\/IMG_5597-1152x1536.webp 1152w, https:\/\/garnetoffshore.com.br\/pt-br\/wp-content\/uploads\/2025\/12\/IMG_5597-1536x2048.webp 1536w, https:\/\/garnetoffshore.com.br\/pt-br\/wp-content\/uploads\/2025\/12\/IMG_5597-scaled.webp 1920w\" sizes=\"(max-width: 768px) 100vw, 768px\" \/>\t\t\t\t\t\t\t\t\t\t\t\t\t\t\t<\/div>\n\t\t\t\t<\/div>\n\t\t\t\t<\/div>\n\t\t\t\t\t<\/div>\n\t\t\t\t<\/div>\n\t\t<div class=\"elementor-element elementor-element-4a99efb e-con-full e-flex e-con e-parent\" data-id=\"4a99efb\" data-element_type=\"container\" data-e-type=\"container\" data-settings=\"{&quot;background_background&quot;:&quot;classic&quot;}\">\n\t\t<div class=\"elementor-element elementor-element-044b03b e-con-full e-flex e-con e-child\" data-id=\"044b03b\" data-element_type=\"container\" data-e-type=\"container\">\n\t\t\t\t<div class=\"elementor-element elementor-element-a96e11c elementor-widget elementor-widget-spacer\" data-id=\"a96e11c\" data-element_type=\"widget\" data-e-type=\"widget\" data-widget_type=\"spacer.default\">\n\t\t\t\t\t\t\t<div class=\"elementor-spacer\">\n\t\t\t<div class=\"elementor-spacer-inner\"><\/div>\n\t\t<\/div>\n\t\t\t\t\t\t<\/div>\n\t\t\t\t<div class=\"elementor-element elementor-element-0472535 elementor-widget elementor-widget-text-editor\" data-id=\"0472535\" data-element_type=\"widget\" data-e-type=\"widget\" data-widget_type=\"text-editor.default\">\n\t\t\t\t\t\t\t\t\t<p>Galleria<\/p>\t\t\t\t\t\t\t\t<\/div>\n\t\t\t\t<div class=\"elementor-element elementor-element-545f97f elementor-widget elementor-widget-heading\" data-id=\"545f97f\" data-element_type=\"widget\" data-e-type=\"widget\" data-widget_type=\"heading.default\">\n\t\t\t\t\t<h2 class=\"elementor-heading-title elementor-size-default\">EXCEL\u00caNCIA QUE VEM DO DETALHE<\/h2>\t\t\t\t<\/div>\n\t\t<div class=\"elementor-element elementor-element-3a73a2d e-con-full e-flex e-con e-child\" data-id=\"3a73a2d\" data-element_type=\"container\" data-e-type=\"container\">\n\t\t<div class=\"elementor-element elementor-element-4360745 e-con-full e-flex e-con e-child\" data-id=\"4360745\" data-element_type=\"container\" data-e-type=\"container\" data-settings=\"{&quot;background_background&quot;:&quot;classic&quot;}\">\n\t\t\t\t<\/div>\n\t\t<div class=\"elementor-element elementor-element-dfb7594 e-con-full e-flex e-con e-child\" data-id=\"dfb7594\" data-element_type=\"container\" data-e-type=\"container\" data-settings=\"{&quot;background_background&quot;:&quot;classic&quot;}\">\n\t\t\t\t<div class=\"elementor-element elementor-element-43455fb elementor-widget elementor-widget-heading\" data-id=\"43455fb\" data-element_type=\"widget\" data-e-type=\"widget\" data-widget_type=\"heading.default\">\n\t\t\t\t\t<h2 class=\"elementor-heading-title elementor-size-default\">Descubra o Prazer de<BR> \nNavegar com a Garnet Offshore<\/h2>\t\t\t\t<\/div>\n\t\t\t\t<div class=\"elementor-element elementor-element-8eb84a2 elementor-align-center elementor-widget elementor-widget-button\" data-id=\"8eb84a2\" data-element_type=\"widget\" data-e-type=\"widget\" data-widget_type=\"button.default\">\n\t\t\t\t\t\t\t\t\t\t<a class=\"elementor-button elementor-button-link elementor-size-sm\" href=\"#espec\">\n\t\t\t\t\t\t<span class=\"elementor-button-content-wrapper\">\n\t\t\t\t\t\t\t\t\t<span class=\"elementor-button-text\">Saiba Mais<\/span>\n\t\t\t\t\t<\/span>\n\t\t\t\t\t<\/a>\n\t\t\t\t\t\t\t\t<\/div>\n\t\t\t\t<\/div>\n\t\t<div class=\"elementor-element elementor-element-3dcc95e e-con-full e-flex e-con e-child\" data-id=\"3dcc95e\" data-element_type=\"container\" data-e-type=\"container\" data-settings=\"{&quot;background_background&quot;:&quot;classic&quot;}\">\n\t\t\t\t<\/div>\n\t\t\t\t<\/div>\n\t\t<div class=\"elementor-element elementor-element-e18feca e-con-full e-flex e-con e-child\" data-id=\"e18feca\" data-element_type=\"container\" data-e-type=\"container\">\n\t\t<div class=\"elementor-element elementor-element-7de05a6 e-con-full e-flex e-con e-child\" data-id=\"7de05a6\" data-element_type=\"container\" data-e-type=\"container\" data-settings=\"{&quot;background_background&quot;:&quot;classic&quot;}\">\n\t\t\t\t<\/div>\n\t\t<div class=\"elementor-element elementor-element-36cc7c2 e-con-full e-flex e-con e-child\" data-id=\"36cc7c2\" data-element_type=\"container\" data-e-type=\"container\" data-settings=\"{&quot;background_background&quot;:&quot;classic&quot;}\">\n\t\t\t\t<\/div>\n\t\t\t\t<\/div>\n\t\t\t\t<\/div>\n\t\t\t\t<\/div>\n\t\t<div class=\"elementor-element elementor-element-6ef6d74 e-flex e-con-boxed e-con e-parent\" data-id=\"6ef6d74\" data-element_type=\"container\" data-e-type=\"container\">\n\t\t\t\t\t<div class=\"e-con-inner\">\n\t\t<div class=\"elementor-element elementor-element-f0ba2ec e-con-full e-flex e-con e-child\" data-id=\"f0ba2ec\" data-element_type=\"container\" data-e-type=\"container\">\n\t\t\t\t<div class=\"elementor-element elementor-element-846aa83 elementor-widget elementor-widget-heading\" data-id=\"846aa83\" data-element_type=\"widget\" data-e-type=\"widget\" data-widget_type=\"heading.default\">\n\t\t\t\t\t<h2 class=\"elementor-heading-title elementor-size-default\">UM PROJETO CONSAGRADO,\nUMA GEST\u00c3O PROFISSIONAL.\n<\/h2>\t\t\t\t<\/div>\n\t\t\t\t<div class=\"elementor-element elementor-element-09200af elementor-widget elementor-widget-text-editor\" data-id=\"09200af\" data-element_type=\"widget\" data-e-type=\"widget\" data-widget_type=\"text-editor.default\">\n\t\t\t\t\t\t\t\t\t<p>Com anos de experi\u00eancia no mercado n\u00e1utico nacional, nossa equipe se dedica a entregar embarca\u00e7\u00f5es que combinam desempenho e eleg\u00e2ncia, mantendo a seguran\u00e7a como prioridade m\u00e1xima.<\/p>\t\t\t\t\t\t\t\t<\/div>\n\t\t\t\t<\/div>\n\t\t<div class=\"elementor-element elementor-element-76a897f e-con-full e-flex e-con e-child\" data-id=\"76a897f\" data-element_type=\"container\" data-e-type=\"container\">\n\t\t\t\t<div class=\"elementor-element elementor-element-3dfb408 elementor-widget elementor-widget-image\" data-id=\"3dfb408\" data-element_type=\"widget\" data-e-type=\"widget\" data-widget_type=\"image.default\">\n\t\t\t\t\t\t\t\t\t\t\t\t\t\t\t<img decoding=\"async\" width=\"768\" height=\"1024\" src=\"https:\/\/garnetoffshore.com.br\/pt-br\/wp-content\/uploads\/2025\/12\/38eb30f1-6212-43d9-8c73-4266faa606be-768x1024.webp\" class=\"attachment-large size-large wp-image-1231\" alt=\"\" srcset=\"https:\/\/garnetoffshore.com.br\/pt-br\/wp-content\/uploads\/2025\/12\/38eb30f1-6212-43d9-8c73-4266faa606be-768x1024.webp 768w, https:\/\/garnetoffshore.com.br\/pt-br\/wp-content\/uploads\/2025\/12\/38eb30f1-6212-43d9-8c73-4266faa606be-225x300.webp 225w, https:\/\/garnetoffshore.com.br\/pt-br\/wp-content\/uploads\/2025\/12\/38eb30f1-6212-43d9-8c73-4266faa606be-1152x1536.webp 1152w, https:\/\/garnetoffshore.com.br\/pt-br\/wp-content\/uploads\/2025\/12\/38eb30f1-6212-43d9-8c73-4266faa606be-1536x2048.webp 1536w, https:\/\/garnetoffshore.com.br\/pt-br\/wp-content\/uploads\/2025\/12\/38eb30f1-6212-43d9-8c73-4266faa606be-scaled.webp 1920w\" sizes=\"(max-width: 768px) 100vw, 768px\" \/>\t\t\t\t\t\t\t\t\t\t\t\t\t\t\t<\/div>\n\t\t\t\t<\/div>\n\t\t\t\t\t<\/div>\n\t\t\t\t<\/div>\n\t\t\t\t<\/div>\n\t\t","protected":false},"excerpt":{"rendered":"<p>OFFSHORE Especifica\u00e7\u00f5es NOSSA MISS\u00c3O \u00c9 TRANSFORMAR SUA EXPERI\u00caNCIA N\u00c1UTICA. Na Garnet Offshore, somos apaixonados por fornecer solu\u00e7\u00f5es especializadas para atender \u00e0s suas necessidades.Estamos comprometidos em:Revestimento de Alta QualidadeReparo de Tubula\u00e7\u00f5es sem SoldaServicos com comp\u00f3sitosCria\u00e7\u00e3o de camada de sacrificid no interior de equipamentosReparo e revestimento em sistema de tratamento de \u00e1gua de inje\u00e7\u00e3oCaldeiraria de Precis\u00e3oEquipe Altamente [&hellip;]<\/p>\n","protected":false},"author":2,"featured_media":0,"parent":0,"menu_order":0,"comment_status":"closed","ping_status":"closed","template":"","meta":{"_joinchat":[],"footnotes":""},"class_list":["post-804","page","type-page","status-publish","hentry"],"_links":{"self":[{"href":"https:\/\/garnetoffshore.com.br\/pt-br\/wp-json\/wp\/v2\/pages\/804","targetHints":{"allow":["GET"]}}],"collection":[{"href":"https:\/\/garnetoffshore.com.br\/pt-br\/wp-json\/wp\/v2\/pages"}],"about":[{"href":"https:\/\/garnetoffshore.com.br\/pt-br\/wp-json\/wp\/v2\/types\/page"}],"author":[{"embeddable":true,"href":"https:\/\/garnetoffshore.com.br\/pt-br\/wp-json\/wp\/v2\/users\/2"}],"replies":[{"embeddable":true,"href":"https:\/\/garnetoffshore.com.br\/pt-br\/wp-json\/wp\/v2\/comments?post=804"}],"version-history":[{"count":38,"href":"https:\/\/garnetoffshore.com.br\/pt-br\/wp-json\/wp\/v2\/pages\/804\/revisions"}],"predecessor-version":[{"id":1321,"href":"https:\/\/garnetoffshore.com.br\/pt-br\/wp-json\/wp\/v2\/pages\/804\/revisions\/1321"}],"wp:attachment":[{"href":"https:\/\/garnetoffshore.com.br\/pt-br\/wp-json\/wp\/v2\/media?parent=804"}],"curies":[{"name":"wp","href":"https:\/\/api.w.org\/{rel}","templated":true}]}}