{"id":606,"date":"2025-11-02T16:05:54","date_gmt":"2025-11-02T19:05:54","guid":{"rendered":"https:\/\/garnetoffshore.criativeflow.com.br\/?page_id=606"},"modified":"2026-04-09T09:11:11","modified_gmt":"2026-04-09T12:11:11","slug":"catamara-300ht","status":"publish","type":"page","link":"https:\/\/garnetoffshore.com.br\/pt-br\/catamara-300ht\/","title":{"rendered":"CATAMAR\u00c3 300HT"},"content":{"rendered":"\t\t<div data-elementor-type=\"wp-page\" data-elementor-id=\"606\" class=\"elementor elementor-606\" data-elementor-post-type=\"page\">\n\t\t\t\t<div class=\"elementor-element elementor-element-f2e5a00 e-flex e-con-boxed e-con e-parent\" data-id=\"f2e5a00\" data-element_type=\"container\" data-e-type=\"container\" data-settings=\"{&quot;background_background&quot;:&quot;classic&quot;}\">\n\t\t\t\t\t<div class=\"e-con-inner\">\n\t\t\t\t<div class=\"elementor-element elementor-element-b36b898 elementor-widget elementor-widget-heading\" data-id=\"b36b898\" data-element_type=\"widget\" data-e-type=\"widget\" data-widget_type=\"heading.default\">\n\t\t\t\t\t<h2 class=\"elementor-heading-title elementor-size-default\">CATAMAR\u00c3 300HT<\/h2>\t\t\t\t<\/div>\n\t\t\t\t\t<\/div>\n\t\t\t\t<\/div>\n\t\t<div class=\"elementor-element elementor-element-17ccae4 e-flex e-con-boxed e-con e-parent\" data-id=\"17ccae4\" data-element_type=\"container\" data-e-type=\"container\">\n\t\t\t\t\t<div class=\"e-con-inner\">\n\t\t<div class=\"elementor-element elementor-element-fda3e8d e-con-full e-flex e-con e-child\" data-id=\"fda3e8d\" data-element_type=\"container\" data-e-type=\"container\">\n\t\t<div class=\"elementor-element elementor-element-93e158f e-con-full e-flex e-con e-child\" data-id=\"93e158f\" data-element_type=\"container\" data-e-type=\"container\">\n\t\t\t\t<div class=\"elementor-element elementor-element-f2d68f3 elementor-widget elementor-widget-text-editor\" data-id=\"f2d68f3\" data-element_type=\"widget\" data-e-type=\"widget\" data-widget_type=\"text-editor.default\">\n\t\t\t\t\t\t\t\t\t<p>Especifica\u00e7\u00f5es<\/p>\t\t\t\t\t\t\t\t<\/div>\n\t\t\t\t<div class=\"elementor-element elementor-element-3593cea elementor-widget elementor-widget-heading\" data-id=\"3593cea\" data-element_type=\"widget\" data-e-type=\"widget\" data-widget_type=\"heading.default\">\n\t\t\t\t\t<h2 class=\"elementor-heading-title elementor-size-default\">CATAMAR\u00c3 300HT<\/h2>\t\t\t\t<\/div>\n\t\t<div class=\"elementor-element elementor-element-2e58b5d e-con-full e-flex e-con e-child\" data-id=\"2e58b5d\" data-element_type=\"container\" data-e-type=\"container\">\n\t\t\t\t<div class=\"elementor-element elementor-element-b34ebb5 elementor-widget elementor-widget-text-editor\" data-id=\"b34ebb5\" data-element_type=\"widget\" data-e-type=\"widget\" data-widget_type=\"text-editor.default\">\n\t\t\t\t\t\t\t\t\t<p>Lancha para pesca e passeio Catamar\u00e3 300HT \u00e9 a escolha ideal para quem busca conforto, desempenho e versatilidade no mar. Com design moderno, acabamento de alto padr\u00e3o e estrutura robusta, ela proporciona uma experi\u00eancia completa a bordo. Al\u00e9m disso, atende perfeitamente tanto momentos de lazer em fam\u00edlia quanto aventuras de pesca esportiva.<\/p><p>Espa\u00e7o inteligente e funcionalidade a bordo<\/p><p>Na Garnet Offshore, a lancha para pesca e passeio Catamar\u00e3 300HT oferece amplo espa\u00e7o interno, ideal para movimenta\u00e7\u00e3o durante a pescaria. O projeto foi desenvolvido com foco na funcionalidade, contemplando \u00e1reas dedicadas ao armazenamento de equipamentos, suportes para varas e espa\u00e7os confort\u00e1veis para os tripulantes. Tudo isso contribui para tornar seus dias no mar mais pr\u00e1ticos e prazerosos.<\/p><p>Estabilidade e mobilidade com o casco em catamar\u00e3<\/p><p>O console central proporciona mobilidade total e seguran\u00e7a durante a navega\u00e7\u00e3o, tornando o walkaround uma verdadeira facilidade. Al\u00e9m disso, o casco em formato de catamar\u00e3 garante estabilidade superior, mesmo em mar agitado. Como resultado, a embarca\u00e7\u00e3o oferece tranquilidade tanto para pescadores experientes quanto para quem busca momentos relaxantes \u00e0 beira-mar.<\/p><p>Alta autonomia e desempenho para explorar o mar<\/p><p>Com autonomia de at\u00e9 300 milhas e excelente desempenho em velocidade de cruzeiro, esta lancha para pesca e passeio \u00e9 ideal para quem valoriza tempo de qualidade. Portanto, \u00e9 perfeita para explorar novas rotas e destinos com liberdade. As longas dist\u00e2ncias se tornam mais curtas e agrad\u00e1veis com o desempenho do Catamar\u00e3 300HT.<\/p><p>Torne o seu hobby mais prazeroso e eleve suas experi\u00eancias no mar com a lancha para pesca e passeio Catamar\u00e3 300HT da Garnet Offshore. Invista com confian\u00e7a em tecnologia, seguran\u00e7a e sofistica\u00e7\u00e3o para navegar com estilo e tranquilidade \u2014 sempre com o respaldo de uma marca que entende de mar.<\/p>\t\t\t\t\t\t\t\t<\/div>\n\t\t\t\t<\/div>\n\t\t\t\t<\/div>\n\t\t\t\t<\/div>\n\t\t<div class=\"elementor-element elementor-element-b6fbc45 e-con-full e-flex e-con e-child\" data-id=\"b6fbc45\" data-element_type=\"container\" data-e-type=\"container\">\n\t\t<div class=\"elementor-element elementor-element-599530b e-con-full e-flex e-con e-child\" data-id=\"599530b\" data-element_type=\"container\" data-e-type=\"container\">\n\t\t\t\t<div class=\"elementor-element elementor-element-091e3fc elementor-widget elementor-widget-image\" data-id=\"091e3fc\" data-element_type=\"widget\" data-e-type=\"widget\" data-widget_type=\"image.default\">\n\t\t\t\t\t\t\t\t\t\t\t\t\t\t\t<img fetchpriority=\"high\" decoding=\"async\" width=\"800\" height=\"863\" src=\"https:\/\/garnetoffshore.com.br\/pt-br\/wp-content\/uploads\/2025\/11\/Mask-group-5-949x1024.png\" class=\"attachment-large size-large wp-image-272\" alt=\"\" srcset=\"https:\/\/garnetoffshore.com.br\/pt-br\/wp-content\/uploads\/2025\/11\/Mask-group-5-949x1024.png 949w, https:\/\/garnetoffshore.com.br\/pt-br\/wp-content\/uploads\/2025\/11\/Mask-group-5-278x300.png 278w, https:\/\/garnetoffshore.com.br\/pt-br\/wp-content\/uploads\/2025\/11\/Mask-group-5-768x829.png 768w, https:\/\/garnetoffshore.com.br\/pt-br\/wp-content\/uploads\/2025\/11\/Mask-group-5-1423x1536.png 1423w, https:\/\/garnetoffshore.com.br\/pt-br\/wp-content\/uploads\/2025\/11\/Mask-group-5-1898x2048.png 1898w, https:\/\/garnetoffshore.com.br\/pt-br\/wp-content\/uploads\/2025\/11\/Mask-group-5.png 2010w\" sizes=\"(max-width: 800px) 100vw, 800px\" \/>\t\t\t\t\t\t\t\t\t\t\t\t\t\t\t<\/div>\n\t\t\t\t<div class=\"elementor-element elementor-element-bea65dd elementor-widget elementor-widget-text-editor\" data-id=\"bea65dd\" data-element_type=\"widget\" data-e-type=\"widget\" data-widget_type=\"text-editor.default\">\n\t\t\t\t\t\t\t\t\t<h3 class=\"vc_custom_heading vc_do_custom_heading vc_custom_1675792830167\">INFORMA\u00c7\u00d5ES T\u00c9CNICAS<\/h3><div class=\"vc_row wpb_row vc_inner vc_row-fluid produtoicone vc_column-gap-35\"><div class=\"zozo-vc-row-inner vc-inner-row-section clearfix\"><div class=\"wpb_column vc_column_inner vc_column_container vc_col-sm-12 typo-default\"><div class=\"vc_column-inner \"><div class=\"wpb_wrapper\"><div class=\"wpb_text_column wpb_content_element\"><div class=\"wpb_wrapper\"><table class=\"table-info\"><tbody><tr><td><strong>COMPRIMENTO<\/strong><\/td><td><strong>8,65m<\/strong><\/td><\/tr><tr><td><strong>MOTORIZA\u00c7\u00c3O<\/strong><\/td><td><strong>2 de 200HP a 2 de 300HP <\/strong><\/td><\/tr><tr><td><strong>BOCA M\u00c1XIMA<\/strong><\/td><td><strong>2,90m<\/strong><\/td><\/tr><tr><td><strong>TANQUE DE COMBUST\u00cdVEL<\/strong><\/td><td><strong>720L<\/strong><\/td><\/tr><tr><td><strong>TANQUE DE \u00c1GUA<\/strong><\/td><td><strong>100L<\/strong><\/td><\/tr><\/tbody><\/table><\/div><\/div><\/div><\/div><\/div><\/div><\/div><div class=\"vc_row wpb_row vc_inner vc_row-fluid produtoicone vc_column-gap-35\"><div class=\"zozo-vc-row-inner vc-inner-row-section clearfix\"><div class=\"wpb_column vc_column_inner vc_column_container vc_col-sm-12 typo-default\"><div class=\"vc_column-inner \"><div class=\"wpb_wrapper\"><div class=\"wpb_text_column wpb_content_element\">\u00a0<\/div><\/div><\/div><\/div><\/div><\/div>\t\t\t\t\t\t\t\t<\/div>\n\t\t\t\t<\/div>\n\t\t\t\t<\/div>\n\t\t\t\t\t<\/div>\n\t\t\t\t<\/div>\n\t\t<div class=\"elementor-element elementor-element-6a4d663 e-flex e-con-boxed e-con e-parent\" data-id=\"6a4d663\" data-element_type=\"container\" data-e-type=\"container\">\n\t\t\t\t\t<div class=\"e-con-inner\">\n\t\t\t\t<div class=\"elementor-element elementor-element-899acf3 elementor-widget elementor-widget-gallery\" data-id=\"899acf3\" data-element_type=\"widget\" data-e-type=\"widget\" data-settings=\"{&quot;lazyload&quot;:&quot;yes&quot;,&quot;gallery_layout&quot;:&quot;grid&quot;,&quot;columns&quot;:4,&quot;columns_tablet&quot;:2,&quot;columns_mobile&quot;:1,&quot;gap&quot;:{&quot;unit&quot;:&quot;px&quot;,&quot;size&quot;:10,&quot;sizes&quot;:[]},&quot;gap_tablet&quot;:{&quot;unit&quot;:&quot;px&quot;,&quot;size&quot;:10,&quot;sizes&quot;:[]},&quot;gap_mobile&quot;:{&quot;unit&quot;:&quot;px&quot;,&quot;size&quot;:10,&quot;sizes&quot;:[]},&quot;link_to&quot;:&quot;file&quot;,&quot;aspect_ratio&quot;:&quot;3:2&quot;,&quot;overlay_background&quot;:&quot;yes&quot;,&quot;content_hover_animation&quot;:&quot;fade-in&quot;}\" data-widget_type=\"gallery.default\">\n\t\t\t\t\t\t\t<div class=\"elementor-gallery__container\">\n\t\t\t\t\t\t\t<a class=\"e-gallery-item elementor-gallery-item elementor-animated-content\" href=\"https:\/\/garnetoffshore.com.br\/pt-br\/wp-content\/uploads\/2025\/11\/image00003-2-768x461-1.jpeg\" data-elementor-open-lightbox=\"yes\" data-elementor-lightbox-slideshow=\"899acf3\" data-elementor-lightbox-title=\"image00003-2-768x461\" data-e-action-hash=\"#elementor-action%3Aaction%3Dlightbox%26settings%3DeyJpZCI6NzUzLCJ1cmwiOiJodHRwczpcL1wvZ2FybmV0b2Zmc2hvcmUuY29tLmJyXC9wdC1iclwvd3AtY29udGVudFwvdXBsb2Fkc1wvMjAyNVwvMTFcL2ltYWdlMDAwMDMtMi03Njh4NDYxLTEuanBlZyIsInNsaWRlc2hvdyI6Ijg5OWFjZjMifQ%3D%3D\">\n\t\t\t\t\t<div class=\"e-gallery-image elementor-gallery-item__image\" data-thumbnail=\"https:\/\/garnetoffshore.com.br\/pt-br\/wp-content\/uploads\/2025\/11\/image00003-2-768x461-1-300x180.jpeg\" data-width=\"300\" data-height=\"180\" aria-label=\"\" role=\"img\" ><\/div>\n\t\t\t\t\t\t\t\t\t\t\t<div class=\"elementor-gallery-item__overlay\"><\/div>\n\t\t\t\t\t\t\t\t\t\t\t\t\t\t<\/a>\n\t\t\t\t\t\t\t<a class=\"e-gallery-item elementor-gallery-item elementor-animated-content\" href=\"https:\/\/garnetoffshore.com.br\/pt-br\/wp-content\/uploads\/2025\/11\/image00004-2-768x512-1.jpeg\" data-elementor-open-lightbox=\"yes\" data-elementor-lightbox-slideshow=\"899acf3\" data-elementor-lightbox-title=\"image00004-2-768x512\" data-e-action-hash=\"#elementor-action%3Aaction%3Dlightbox%26settings%3DeyJpZCI6NzU0LCJ1cmwiOiJodHRwczpcL1wvZ2FybmV0b2Zmc2hvcmUuY29tLmJyXC9wdC1iclwvd3AtY29udGVudFwvdXBsb2Fkc1wvMjAyNVwvMTFcL2ltYWdlMDAwMDQtMi03Njh4NTEyLTEuanBlZyIsInNsaWRlc2hvdyI6Ijg5OWFjZjMifQ%3D%3D\">\n\t\t\t\t\t<div class=\"e-gallery-image elementor-gallery-item__image\" data-thumbnail=\"https:\/\/garnetoffshore.com.br\/pt-br\/wp-content\/uploads\/2025\/11\/image00004-2-768x512-1-300x200.jpeg\" data-width=\"300\" data-height=\"200\" aria-label=\"\" role=\"img\" ><\/div>\n\t\t\t\t\t\t\t\t\t\t\t<div class=\"elementor-gallery-item__overlay\"><\/div>\n\t\t\t\t\t\t\t\t\t\t\t\t\t\t<\/a>\n\t\t\t\t\t\t\t<a class=\"e-gallery-item elementor-gallery-item elementor-animated-content\" href=\"https:\/\/garnetoffshore.com.br\/pt-br\/wp-content\/uploads\/2025\/11\/image00005-2-768x432-1.jpeg\" data-elementor-open-lightbox=\"yes\" data-elementor-lightbox-slideshow=\"899acf3\" data-elementor-lightbox-title=\"image00005-2-768x432\" data-e-action-hash=\"#elementor-action%3Aaction%3Dlightbox%26settings%3DeyJpZCI6NzU1LCJ1cmwiOiJodHRwczpcL1wvZ2FybmV0b2Zmc2hvcmUuY29tLmJyXC9wdC1iclwvd3AtY29udGVudFwvdXBsb2Fkc1wvMjAyNVwvMTFcL2ltYWdlMDAwMDUtMi03Njh4NDMyLTEuanBlZyIsInNsaWRlc2hvdyI6Ijg5OWFjZjMifQ%3D%3D\">\n\t\t\t\t\t<div class=\"e-gallery-image elementor-gallery-item__image\" data-thumbnail=\"https:\/\/garnetoffshore.com.br\/pt-br\/wp-content\/uploads\/2025\/11\/image00005-2-768x432-1-300x169.jpeg\" data-width=\"300\" data-height=\"169\" aria-label=\"\" role=\"img\" ><\/div>\n\t\t\t\t\t\t\t\t\t\t\t<div class=\"elementor-gallery-item__overlay\"><\/div>\n\t\t\t\t\t\t\t\t\t\t\t\t\t\t<\/a>\n\t\t\t\t\t\t\t<a class=\"e-gallery-item elementor-gallery-item elementor-animated-content\" href=\"https:\/\/garnetoffshore.com.br\/pt-br\/wp-content\/uploads\/2025\/11\/image00006-2-768x512-1.jpeg\" data-elementor-open-lightbox=\"yes\" data-elementor-lightbox-slideshow=\"899acf3\" data-elementor-lightbox-title=\"image00006-2-768x512\" data-e-action-hash=\"#elementor-action%3Aaction%3Dlightbox%26settings%3DeyJpZCI6NzU2LCJ1cmwiOiJodHRwczpcL1wvZ2FybmV0b2Zmc2hvcmUuY29tLmJyXC9wdC1iclwvd3AtY29udGVudFwvdXBsb2Fkc1wvMjAyNVwvMTFcL2ltYWdlMDAwMDYtMi03Njh4NTEyLTEuanBlZyIsInNsaWRlc2hvdyI6Ijg5OWFjZjMifQ%3D%3D\">\n\t\t\t\t\t<div class=\"e-gallery-image elementor-gallery-item__image\" data-thumbnail=\"https:\/\/garnetoffshore.com.br\/pt-br\/wp-content\/uploads\/2025\/11\/image00006-2-768x512-1-300x200.jpeg\" data-width=\"300\" data-height=\"200\" aria-label=\"\" role=\"img\" ><\/div>\n\t\t\t\t\t\t\t\t\t\t\t<div class=\"elementor-gallery-item__overlay\"><\/div>\n\t\t\t\t\t\t\t\t\t\t\t\t\t\t<\/a>\n\t\t\t\t\t\t\t<a class=\"e-gallery-item elementor-gallery-item elementor-animated-content\" href=\"https:\/\/garnetoffshore.com.br\/pt-br\/wp-content\/uploads\/2025\/11\/image00007-2-768x512-1.jpeg\" data-elementor-open-lightbox=\"yes\" data-elementor-lightbox-slideshow=\"899acf3\" data-elementor-lightbox-title=\"image00007-2-768x512\" data-e-action-hash=\"#elementor-action%3Aaction%3Dlightbox%26settings%3DeyJpZCI6NzU3LCJ1cmwiOiJodHRwczpcL1wvZ2FybmV0b2Zmc2hvcmUuY29tLmJyXC9wdC1iclwvd3AtY29udGVudFwvdXBsb2Fkc1wvMjAyNVwvMTFcL2ltYWdlMDAwMDctMi03Njh4NTEyLTEuanBlZyIsInNsaWRlc2hvdyI6Ijg5OWFjZjMifQ%3D%3D\">\n\t\t\t\t\t<div class=\"e-gallery-image elementor-gallery-item__image\" data-thumbnail=\"https:\/\/garnetoffshore.com.br\/pt-br\/wp-content\/uploads\/2025\/11\/image00007-2-768x512-1-300x200.jpeg\" data-width=\"300\" data-height=\"200\" aria-label=\"\" role=\"img\" ><\/div>\n\t\t\t\t\t\t\t\t\t\t\t<div class=\"elementor-gallery-item__overlay\"><\/div>\n\t\t\t\t\t\t\t\t\t\t\t\t\t\t<\/a>\n\t\t\t\t\t\t\t<a class=\"e-gallery-item elementor-gallery-item elementor-animated-content\" href=\"https:\/\/garnetoffshore.com.br\/pt-br\/wp-content\/uploads\/2025\/11\/image00008-2-768x512-1.jpeg\" data-elementor-open-lightbox=\"yes\" data-elementor-lightbox-slideshow=\"899acf3\" data-elementor-lightbox-title=\"image00008-2-768x512\" data-e-action-hash=\"#elementor-action%3Aaction%3Dlightbox%26settings%3DeyJpZCI6NzU4LCJ1cmwiOiJodHRwczpcL1wvZ2FybmV0b2Zmc2hvcmUuY29tLmJyXC9wdC1iclwvd3AtY29udGVudFwvdXBsb2Fkc1wvMjAyNVwvMTFcL2ltYWdlMDAwMDgtMi03Njh4NTEyLTEuanBlZyIsInNsaWRlc2hvdyI6Ijg5OWFjZjMifQ%3D%3D\">\n\t\t\t\t\t<div class=\"e-gallery-image elementor-gallery-item__image\" data-thumbnail=\"https:\/\/garnetoffshore.com.br\/pt-br\/wp-content\/uploads\/2025\/11\/image00008-2-768x512-1-300x200.jpeg\" data-width=\"300\" data-height=\"200\" aria-label=\"\" role=\"img\" ><\/div>\n\t\t\t\t\t\t\t\t\t\t\t<div class=\"elementor-gallery-item__overlay\"><\/div>\n\t\t\t\t\t\t\t\t\t\t\t\t\t\t<\/a>\n\t\t\t\t\t\t\t<a class=\"e-gallery-item elementor-gallery-item elementor-animated-content\" href=\"https:\/\/garnetoffshore.com.br\/pt-br\/wp-content\/uploads\/2025\/11\/imagemdestacada300ht-1170x500-1.jpg\" data-elementor-open-lightbox=\"yes\" data-elementor-lightbox-slideshow=\"899acf3\" data-elementor-lightbox-title=\"imagemdestacada300ht-1170x500\" data-e-action-hash=\"#elementor-action%3Aaction%3Dlightbox%26settings%3DeyJpZCI6NzU5LCJ1cmwiOiJodHRwczpcL1wvZ2FybmV0b2Zmc2hvcmUuY29tLmJyXC9wdC1iclwvd3AtY29udGVudFwvdXBsb2Fkc1wvMjAyNVwvMTFcL2ltYWdlbWRlc3RhY2FkYTMwMGh0LTExNzB4NTAwLTEuanBnIiwic2xpZGVzaG93IjoiODk5YWNmMyJ9\">\n\t\t\t\t\t<div class=\"e-gallery-image elementor-gallery-item__image\" data-thumbnail=\"https:\/\/garnetoffshore.com.br\/pt-br\/wp-content\/uploads\/2025\/11\/imagemdestacada300ht-1170x500-1-300x128.jpg\" data-width=\"300\" data-height=\"128\" aria-label=\"\" role=\"img\" ><\/div>\n\t\t\t\t\t\t\t\t\t\t\t<div class=\"elementor-gallery-item__overlay\"><\/div>\n\t\t\t\t\t\t\t\t\t\t\t\t\t\t<\/a>\n\t\t\t\t\t<\/div>\n\t\t\t\t\t<\/div>\n\t\t\t\t\t<\/div>\n\t\t\t\t<\/div>\n\t\t\t\t<\/div>\n\t\t","protected":false},"excerpt":{"rendered":"<p>CATAMAR\u00c3 300HT Especifica\u00e7\u00f5es CATAMAR\u00c3 300HT Lancha para pesca e passeio Catamar\u00e3 300HT \u00e9 a escolha ideal para quem busca conforto, desempenho e versatilidade no mar. Com design moderno, acabamento de alto padr\u00e3o e estrutura robusta, ela proporciona uma experi\u00eancia completa a bordo. Al\u00e9m disso, atende perfeitamente tanto momentos de lazer em fam\u00edlia quanto aventuras de [&hellip;]<\/p>\n","protected":false},"author":2,"featured_media":0,"parent":0,"menu_order":0,"comment_status":"closed","ping_status":"closed","template":"","meta":{"_joinchat":[],"footnotes":""},"class_list":["post-606","page","type-page","status-publish","hentry"],"_links":{"self":[{"href":"https:\/\/garnetoffshore.com.br\/pt-br\/wp-json\/wp\/v2\/pages\/606","targetHints":{"allow":["GET"]}}],"collection":[{"href":"https:\/\/garnetoffshore.com.br\/pt-br\/wp-json\/wp\/v2\/pages"}],"about":[{"href":"https:\/\/garnetoffshore.com.br\/pt-br\/wp-json\/wp\/v2\/types\/page"}],"author":[{"embeddable":true,"href":"https:\/\/garnetoffshore.com.br\/pt-br\/wp-json\/wp\/v2\/users\/2"}],"replies":[{"embeddable":true,"href":"https:\/\/garnetoffshore.com.br\/pt-br\/wp-json\/wp\/v2\/comments?post=606"}],"version-history":[{"count":29,"href":"https:\/\/garnetoffshore.com.br\/pt-br\/wp-json\/wp\/v2\/pages\/606\/revisions"}],"predecessor-version":[{"id":1377,"href":"https:\/\/garnetoffshore.com.br\/pt-br\/wp-json\/wp\/v2\/pages\/606\/revisions\/1377"}],"wp:attachment":[{"href":"https:\/\/garnetoffshore.com.br\/pt-br\/wp-json\/wp\/v2\/media?parent=606"}],"curies":[{"name":"wp","href":"https:\/\/api.w.org\/{rel}","templated":true}]}}