{"id":121,"date":"2025-11-02T09:11:52","date_gmt":"2025-11-02T12:11:52","guid":{"rendered":"https:\/\/garnetoffshore.criativeflow.com.br\/?page_id=121"},"modified":"2025-12-09T12:28:54","modified_gmt":"2025-12-09T15:28:54","slug":"quem-somos","status":"publish","type":"page","link":"https:\/\/garnetoffshore.com.br\/pt-br\/quem-somos\/","title":{"rendered":"Quem Somos"},"content":{"rendered":"\t\t<div data-elementor-type=\"wp-page\" data-elementor-id=\"121\" class=\"elementor elementor-121\" data-elementor-post-type=\"page\">\n\t\t\t\t<div class=\"elementor-element elementor-element-21bdd88 e-flex e-con-boxed e-con e-parent\" data-id=\"21bdd88\" data-element_type=\"container\" data-e-type=\"container\" data-settings=\"{&quot;background_background&quot;:&quot;classic&quot;}\">\n\t\t\t\t\t<div class=\"e-con-inner\">\n\t\t\t\t<div class=\"elementor-element elementor-element-b3ee87a elementor-widget elementor-widget-heading\" data-id=\"b3ee87a\" data-element_type=\"widget\" data-e-type=\"widget\" data-widget_type=\"heading.default\">\n\t\t\t\t\t<h2 class=\"elementor-heading-title elementor-size-default\">QUEM SOMOS<\/h2>\t\t\t\t<\/div>\n\t\t\t\t\t<\/div>\n\t\t\t\t<\/div>\n\t\t<div class=\"elementor-element elementor-element-26e971d e-flex e-con-boxed e-con e-parent\" data-id=\"26e971d\" data-element_type=\"container\" data-e-type=\"container\" data-settings=\"{&quot;background_background&quot;:&quot;classic&quot;}\">\n\t\t\t\t\t<div class=\"e-con-inner\">\n\t\t<div class=\"elementor-element elementor-element-53f5fed e-con-full e-flex e-con e-child\" data-id=\"53f5fed\" data-element_type=\"container\" data-e-type=\"container\">\n\t\t\t\t<div class=\"elementor-element elementor-element-cdbcfa1 elementor-widget elementor-widget-heading\" data-id=\"cdbcfa1\" data-element_type=\"widget\" data-e-type=\"widget\" data-widget_type=\"heading.default\">\n\t\t\t\t\t<h2 class=\"elementor-heading-title elementor-size-default\">A GARNET OFFSHORE<\/h2>\t\t\t\t<\/div>\n\t\t<div class=\"elementor-element elementor-element-24d4711 e-con-full e-flex e-con e-child\" data-id=\"24d4711\" data-element_type=\"container\" data-e-type=\"container\">\n\t\t\t\t<div class=\"elementor-element elementor-element-94cf341 elementor-widget elementor-widget-text-editor\" data-id=\"94cf341\" data-element_type=\"widget\" data-e-type=\"widget\" data-widget_type=\"text-editor.default\">\n\t\t\t\t\t\t\t\t\t<p>Traz, conforto, versatilidade e seguran\u00e7a para sua navega\u00e7\u00e3o. Um projeto consagrado e uma gest\u00e3o profissional, componentes fundamentais que transformam o mercado n\u00e1utico nacional.<br \/>Conhe\u00e7a nossos modelos.<\/p>\t\t\t\t\t\t\t\t<\/div>\n\t\t\t\t<\/div>\n\t\t\t\t<\/div>\n\t\t<div class=\"elementor-element elementor-element-7a1058b e-con-full e-flex e-con e-child\" data-id=\"7a1058b\" data-element_type=\"container\" data-e-type=\"container\">\n\t\t<div class=\"elementor-element elementor-element-b7134dc e-con-full e-flex e-con e-child\" data-id=\"b7134dc\" data-element_type=\"container\" data-e-type=\"container\">\n\t\t\t\t<div class=\"elementor-element elementor-element-6316655 elementor-widget elementor-widget-image\" data-id=\"6316655\" data-element_type=\"widget\" data-e-type=\"widget\" data-widget_type=\"image.default\">\n\t\t\t\t\t\t\t\t\t\t\t\t\t\t\t<img fetchpriority=\"high\" decoding=\"async\" width=\"800\" height=\"949\" src=\"https:\/\/garnetoffshore.com.br\/pt-br\/wp-content\/uploads\/2025\/12\/DSC_7317-e1765293229652-863x1024.jpeg\" class=\"attachment-large size-large wp-image-1255\" alt=\"\" srcset=\"https:\/\/garnetoffshore.com.br\/pt-br\/wp-content\/uploads\/2025\/12\/DSC_7317-e1765293229652-863x1024.jpeg 863w, https:\/\/garnetoffshore.com.br\/pt-br\/wp-content\/uploads\/2025\/12\/DSC_7317-e1765293229652-253x300.jpeg 253w, https:\/\/garnetoffshore.com.br\/pt-br\/wp-content\/uploads\/2025\/12\/DSC_7317-e1765293229652-768x912.jpeg 768w, https:\/\/garnetoffshore.com.br\/pt-br\/wp-content\/uploads\/2025\/12\/DSC_7317-e1765293229652.jpeg 1294w\" sizes=\"(max-width: 800px) 100vw, 800px\" \/>\t\t\t\t\t\t\t\t\t\t\t\t\t\t\t<\/div>\n\t\t\t\t<\/div>\n\t\t<div class=\"elementor-element elementor-element-e6ea361 e-con-full e-flex e-con e-child\" data-id=\"e6ea361\" data-element_type=\"container\" data-e-type=\"container\">\n\t\t\t\t<div class=\"elementor-element elementor-element-bf4805a elementor-widget elementor-widget-image\" data-id=\"bf4805a\" data-element_type=\"widget\" data-e-type=\"widget\" data-widget_type=\"image.default\">\n\t\t\t\t\t\t\t\t\t\t\t\t\t\t\t<img decoding=\"async\" width=\"683\" height=\"1024\" src=\"https:\/\/garnetoffshore.com.br\/pt-br\/wp-content\/uploads\/2025\/12\/piloto-catamara-683x1024.jpeg\" class=\"attachment-large size-large wp-image-1247\" alt=\"\" srcset=\"https:\/\/garnetoffshore.com.br\/pt-br\/wp-content\/uploads\/2025\/12\/piloto-catamara-683x1024.jpeg 683w, https:\/\/garnetoffshore.com.br\/pt-br\/wp-content\/uploads\/2025\/12\/piloto-catamara-200x300.jpeg 200w, https:\/\/garnetoffshore.com.br\/pt-br\/wp-content\/uploads\/2025\/12\/piloto-catamara-768x1152.jpeg 768w, https:\/\/garnetoffshore.com.br\/pt-br\/wp-content\/uploads\/2025\/12\/piloto-catamara-1024x1536.jpeg 1024w, https:\/\/garnetoffshore.com.br\/pt-br\/wp-content\/uploads\/2025\/12\/piloto-catamara-1365x2048.jpeg 1365w, https:\/\/garnetoffshore.com.br\/pt-br\/wp-content\/uploads\/2025\/12\/piloto-catamara-scaled.jpeg 1707w\" sizes=\"(max-width: 683px) 100vw, 683px\" \/>\t\t\t\t\t\t\t\t\t\t\t\t\t\t\t<\/div>\n\t\t\t\t<\/div>\n\t\t\t\t<\/div>\n\t\t\t\t\t<\/div>\n\t\t\t\t<\/div>\n\t\t\t\t<\/div>\n\t\t","protected":false},"excerpt":{"rendered":"<p>QUEM SOMOS A GARNET OFFSHORE Traz, conforto, versatilidade e seguran\u00e7a para sua navega\u00e7\u00e3o. Um projeto consagrado e uma gest\u00e3o profissional, componentes fundamentais que transformam o mercado n\u00e1utico nacional.Conhe\u00e7a nossos modelos.<\/p>\n","protected":false},"author":2,"featured_media":0,"parent":0,"menu_order":0,"comment_status":"closed","ping_status":"closed","template":"elementor_theme","meta":{"_joinchat":[],"footnotes":""},"class_list":["post-121","page","type-page","status-publish","hentry"],"_links":{"self":[{"href":"https:\/\/garnetoffshore.com.br\/pt-br\/wp-json\/wp\/v2\/pages\/121","targetHints":{"allow":["GET"]}}],"collection":[{"href":"https:\/\/garnetoffshore.com.br\/pt-br\/wp-json\/wp\/v2\/pages"}],"about":[{"href":"https:\/\/garnetoffshore.com.br\/pt-br\/wp-json\/wp\/v2\/types\/page"}],"author":[{"embeddable":true,"href":"https:\/\/garnetoffshore.com.br\/pt-br\/wp-json\/wp\/v2\/users\/2"}],"replies":[{"embeddable":true,"href":"https:\/\/garnetoffshore.com.br\/pt-br\/wp-json\/wp\/v2\/comments?post=121"}],"version-history":[{"count":37,"href":"https:\/\/garnetoffshore.com.br\/pt-br\/wp-json\/wp\/v2\/pages\/121\/revisions"}],"predecessor-version":[{"id":1279,"href":"https:\/\/garnetoffshore.com.br\/pt-br\/wp-json\/wp\/v2\/pages\/121\/revisions\/1279"}],"wp:attachment":[{"href":"https:\/\/garnetoffshore.com.br\/pt-br\/wp-json\/wp\/v2\/media?parent=121"}],"curies":[{"name":"wp","href":"https:\/\/api.w.org\/{rel}","templated":true}]}}